{"id":3520,"date":"2024-04-03T14:32:37","date_gmt":"2024-04-03T17:32:37","guid":{"rendered":"https:\/\/www.tagstecnologia.com.br\/?page_id=3520"},"modified":"2024-04-03T14:32:39","modified_gmt":"2024-04-03T17:32:39","slug":"quem-somos","status":"publish","type":"page","link":"https:\/\/www.tagstecnologia.com.br\/index.php\/quem-somos\/","title":{"rendered":"Quem Somos"},"content":{"rendered":"<p><\/p><p>Com mais de uma d\u00e9cada de atua\u00e7\u00e3o no mercado, a Tags Tecnologia se posiciona como uma empresa l\u00edder no campo da inform\u00e1tica, reconhecida por seu atendimento exemplar e pela confian\u00e7a transmitida em todos os servi\u00e7os e produtos oferecidos. Nossa especializa\u00e7\u00e3o na comercializa\u00e7\u00e3o de computadores gamer e dispositivos de alto desempenho destaca-se por impulsionar a produtividade tanto em ambientes de jogos quanto de trabalho.<\/p><p>Contamos com um ambiente tecnol\u00f3gico singular que promove a conex\u00e3o entre indiv\u00edduos e proporciona experi\u00eancias enriquecedoras por meio de produtos de qualidade, solu\u00e7\u00f5es personalizadas e suporte t\u00e9cnico especializado, atendendo \u00e0s necessidades do p\u00fablico corporativo, gamers, setor governamental e usu\u00e1rios em geral. Essa fus\u00e3o harmoniosa entre tecnologia, desempenho e satisfa\u00e7\u00e3o \u00e9 o nosso diferencial.<\/p><p>Nossa Miss\u00e3o \u00e9 criar experi\u00eancias que transformem e unam pessoas, enquanto nossa Vis\u00e3o \u00e9 ser reconhecida como uma refer\u00eancia em produtos e servi\u00e7os de tecnologia acess\u00edveis a todos. Nossos Valores fundamentais incluem Excel\u00eancia, Transpar\u00eancia, Inova\u00e7\u00e3o, Paix\u00e3o pela Tecnologia, Respeito e Confian\u00e7a, guiando-nos em todas as nossas intera\u00e7\u00f5es e decis\u00f5es.<\/p>","protected":false},"excerpt":{"rendered":"<p>Com mais de uma d\u00e9cada de atua\u00e7\u00e3o no mercado, a Tags Tecnologia se posiciona como uma empresa l\u00edder no campo da inform\u00e1tica, reconhecida por seu atendimento exemplar e pela confian\u00e7a transmitida em todos os servi\u00e7os e produtos oferecidos. Nossa especializa\u00e7\u00e3o na comercializa\u00e7\u00e3o de computadores gamer e dispositivos de alto desempenho destaca-se por impulsionar a produtividade [&hellip;]<\/p>\n","protected":false},"author":1,"featured_media":0,"parent":0,"menu_order":0,"comment_status":"closed","ping_status":"closed","template":"","meta":{"footnotes":""},"class_list":["post-3520","page","type-page","status-publish","hentry"],"_links":{"self":[{"href":"https:\/\/www.tagstecnologia.com.br\/index.php\/wp-json\/wp\/v2\/pages\/3520"}],"collection":[{"href":"https:\/\/www.tagstecnologia.com.br\/index.php\/wp-json\/wp\/v2\/pages"}],"about":[{"href":"https:\/\/www.tagstecnologia.com.br\/index.php\/wp-json\/wp\/v2\/types\/page"}],"author":[{"embeddable":true,"href":"https:\/\/www.tagstecnologia.com.br\/index.php\/wp-json\/wp\/v2\/users\/1"}],"replies":[{"embeddable":true,"href":"https:\/\/www.tagstecnologia.com.br\/index.php\/wp-json\/wp\/v2\/comments?post=3520"}],"version-history":[{"count":1,"href":"https:\/\/www.tagstecnologia.com.br\/index.php\/wp-json\/wp\/v2\/pages\/3520\/revisions"}],"predecessor-version":[{"id":3521,"href":"https:\/\/www.tagstecnologia.com.br\/index.php\/wp-json\/wp\/v2\/pages\/3520\/revisions\/3521"}],"wp:attachment":[{"href":"https:\/\/www.tagstecnologia.com.br\/index.php\/wp-json\/wp\/v2\/media?parent=3520"}],"curies":[{"name":"wp","href":"https:\/\/api.w.org\/{rel}","templated":true}]}}