{"id":3524,"date":"2024-04-03T14:33:46","date_gmt":"2024-04-03T17:33:46","guid":{"rendered":"https:\/\/www.tagstecnologia.com.br\/?page_id=3524"},"modified":"2024-04-03T14:33:47","modified_gmt":"2024-04-03T17:33:47","slug":"politica-de-entrega","status":"publish","type":"page","link":"https:\/\/www.tagstecnologia.com.br\/index.php\/politica-de-entrega\/","title":{"rendered":"Pol\u00edtica De Entrega"},"content":{"rendered":"<p>Todos os produtos ser\u00e3o enviados de acordo com a forma escolhida pelo cliente, em at\u00e9 2 dias \u00fateis da confirma\u00e7\u00e3o do pagamento. O prazo para a entrega varia de acordo com a forma de envio escolhida e n\u00e3o \u00e9 de nossa responsabilidade, j\u00e1 que a entrega fica a cargo dos Correios.<br><br>Voc\u00ea ser\u00e1 informado do c\u00f3digo para rastrear sua encomenda atrav\u00e9s do site dos correios assim que ela for postada.<\/p>","protected":false},"excerpt":{"rendered":"<p>Todos os produtos ser\u00e3o enviados de acordo com a forma escolhida pelo cliente, em at\u00e9 2 dias \u00fateis da confirma\u00e7\u00e3o do pagamento. O prazo para a entrega varia de acordo com a forma de envio escolhida e n\u00e3o \u00e9 de nossa responsabilidade, j\u00e1 que a entrega fica a cargo dos Correios. Voc\u00ea ser\u00e1 informado do [&hellip;]<\/p>\n","protected":false},"author":1,"featured_media":0,"parent":0,"menu_order":0,"comment_status":"closed","ping_status":"closed","template":"","meta":{"footnotes":""},"class_list":["post-3524","page","type-page","status-publish","hentry"],"_links":{"self":[{"href":"https:\/\/www.tagstecnologia.com.br\/index.php\/wp-json\/wp\/v2\/pages\/3524"}],"collection":[{"href":"https:\/\/www.tagstecnologia.com.br\/index.php\/wp-json\/wp\/v2\/pages"}],"about":[{"href":"https:\/\/www.tagstecnologia.com.br\/index.php\/wp-json\/wp\/v2\/types\/page"}],"author":[{"embeddable":true,"href":"https:\/\/www.tagstecnologia.com.br\/index.php\/wp-json\/wp\/v2\/users\/1"}],"replies":[{"embeddable":true,"href":"https:\/\/www.tagstecnologia.com.br\/index.php\/wp-json\/wp\/v2\/comments?post=3524"}],"version-history":[{"count":1,"href":"https:\/\/www.tagstecnologia.com.br\/index.php\/wp-json\/wp\/v2\/pages\/3524\/revisions"}],"predecessor-version":[{"id":3525,"href":"https:\/\/www.tagstecnologia.com.br\/index.php\/wp-json\/wp\/v2\/pages\/3524\/revisions\/3525"}],"wp:attachment":[{"href":"https:\/\/www.tagstecnologia.com.br\/index.php\/wp-json\/wp\/v2\/media?parent=3524"}],"curies":[{"name":"wp","href":"https:\/\/api.w.org\/{rel}","templated":true}]}}