{"id":101,"date":"2024-02-22T10:34:33","date_gmt":"2024-02-22T13:34:33","guid":{"rendered":"http:\/\/tagstecnologia.com.br\/index.php\/produto\/fone-de-ouvido-sem-fio-tws-fon-20390\/"},"modified":"2024-07-02T10:41:50","modified_gmt":"2024-07-02T13:41:50","slug":"fone-de-ouvido-sem-fio-tws-fon-20390","status":"publish","type":"product","link":"https:\/\/www.tagstecnologia.com.br\/index.php\/produto\/fone-de-ouvido-sem-fio-tws-fon-20390\/","title":{"rendered":"Fone De Ouvido Sem Fio Tws Fon-20390"},"content":{"rendered":"<p>Modelo feito com materiais de alt\u00edssima qualidade para que voc\u00ea tenha maior conforto.<\/p>\n<p>Tecnologia de condu\u00e7\u00e3o, deixando os ouvidos livres para escutar sons externos sem prejudicar a sa\u00fade de seus t\u00edmpanos.<\/p>\n<p>O Design que fornece o m\u00e1ximo conforto e garante que ele permane\u00e7a est\u00e1vel.<\/p>\n<p>Com o fone FN-B08, voc\u00ea far\u00e1 suas tarefas cotidianas em casa, academia ou no trabalho com mais praticidade e mantendo suas m\u00e3os sempre livres.<\/p>\n<p>O Design que fornece o m\u00e1ximo conforto e garante que ele permane\u00e7a est\u00e1vel.<\/p>\n<p>Indicado por m\u00e9dicos e especialistas para a preserva\u00e7\u00e3o de seus t\u00edmpanos e evitando dores de cabe\u00e7as e infec\u00e7\u00f5es nas orelhas.<\/p>\n<p>&nbsp;<\/p>\n<p>Vers\u00e3o Bluetooth: v5.3;<\/p>\n<p>Tempo em espera: 120 horas;<\/p>\n<p>Tempo de conversa\u00e7\u00e3o: 6 horas;<\/p>\n<p>Reprodu\u00e7\u00e3o de m\u00fasica: 5 horas;<\/p>\n<p>Tempo de carregamento: 1,5 hora;<\/p>\n<p>Dist\u00e2ncia de transmiss\u00e3o: 5 metros;<\/p>\n<p>Dist\u00e2ncia m\u00e1xima de transmiss\u00e3o: 5 metros;<\/p>\n<p>Imped\u00e2ncia: 32 ohms;<\/p>\n<p>Unidade do controlador: 9mm;<\/p>\n<p>Sensibilidade: -81dB3dB;<\/p>\n<p>Resposta de frequ\u00eancia: 20-20000 Hz.<\/p>\n","protected":false},"excerpt":{"rendered":"<p>Fone De Ouvido Sem Fio Tws Fon-20390<\/p>\n","protected":false},"featured_media":3681,"comment_status":"open","ping_status":"closed","template":"","meta":[],"product_cat":[246],"product_tag":[],"class_list":{"0":"post-101","1":"product","2":"type-product","3":"status-publish","4":"has-post-thumbnail","6":"product_cat-fone-de-ouvido-bluetooth","8":"first","9":"outofstock","10":"shipping-taxable","11":"purchasable","12":"product-type-simple"},"_links":{"self":[{"href":"https:\/\/www.tagstecnologia.com.br\/index.php\/wp-json\/wp\/v2\/product\/101"}],"collection":[{"href":"https:\/\/www.tagstecnologia.com.br\/index.php\/wp-json\/wp\/v2\/product"}],"about":[{"href":"https:\/\/www.tagstecnologia.com.br\/index.php\/wp-json\/wp\/v2\/types\/product"}],"replies":[{"embeddable":true,"href":"https:\/\/www.tagstecnologia.com.br\/index.php\/wp-json\/wp\/v2\/comments?post=101"}],"wp:featuredmedia":[{"embeddable":true,"href":"https:\/\/www.tagstecnologia.com.br\/index.php\/wp-json\/wp\/v2\/media\/3681"}],"wp:attachment":[{"href":"https:\/\/www.tagstecnologia.com.br\/index.php\/wp-json\/wp\/v2\/media?parent=101"}],"wp:term":[{"taxonomy":"product_cat","embeddable":true,"href":"https:\/\/www.tagstecnologia.com.br\/index.php\/wp-json\/wp\/v2\/product_cat?post=101"},{"taxonomy":"product_tag","embeddable":true,"href":"https:\/\/www.tagstecnologia.com.br\/index.php\/wp-json\/wp\/v2\/product_tag?post=101"}],"curies":[{"name":"wp","href":"https:\/\/api.w.org\/{rel}","templated":true}]}}