{"id":102,"date":"2024-02-22T10:34:40","date_gmt":"2024-02-22T13:34:40","guid":{"rendered":"http:\/\/tagstecnologia.com.br\/index.php\/produto\/fone-de-ouvido-kv-8778\/"},"modified":"2026-03-25T05:28:06","modified_gmt":"2026-03-25T08:28:06","slug":"fone-de-ouvido-kv-8778","status":"publish","type":"product","link":"https:\/\/www.tagstecnologia.com.br\/index.php\/produto\/fone-de-ouvido-kv-8778\/","title":{"rendered":"Fone De Ouvido Kv-8778"},"content":{"rendered":"<p>Caracter\u00edsticas:<br \/>\nA faixa \u00e9 curvada e feita de tecido, e as almofadas s\u00e3o feitas de espuma de mem\u00f3ria ac\u00fastico.<br \/>\nAlta fidelidade, qualidade de som: A unidade de acionamento especial pode realizar uma ampla faixa de freq\u00eancia.<br \/>\nControle de Ru\u00eddo: redu\u00e7\u00e3o de ru\u00eddo ativo, os modos transparentes permite ouvir o som ao seu redor.<br \/>\nPortabilidade: Este produto \u00e9 pequeno no tamanho e no peso, o que \u00e9 muito conveniente para transportar.<br \/>\nBonito: Este produto \u00e9 feito com artesanato requintado funcional e apar\u00eancia muito elegante e bonito.<\/p>\n<p>Descri\u00e7\u00e3o:<br \/>\nEste fone de ouvido tem um som est\u00e9reo claro e uma elegante e bela apar\u00eancia, que \u00e9 muito apropriado para ouvir m\u00fasica.<\/p>\n<p>Especifica\u00e7\u00f5es:<br \/>\nVers\u00e3o sem fio: V5.0<br \/>\nDist\u00e2ncia de transmiss\u00e3o: 10-15 metros sem barreiras<br \/>\nfaixa de frequ\u00eancia: 20Hz a 20kHz<br \/>\nM\u00fasica Tempo de Reprodu\u00e7\u00e3o (100% Volume): cerca de 3-4 horas<br \/>\nFun\u00e7\u00e3o: Wireless, \u00e0 prova d&#8217;\u00e1gua, cancelamento de ru\u00eddo, Microfone<\/p>\n<p>&nbsp;<\/p>\n<p>&nbsp;<\/p>\n","protected":false},"excerpt":{"rendered":"<p>Fone De Ouvido Kv-8778<\/p>\n","protected":false},"featured_media":3654,"comment_status":"open","ping_status":"closed","template":"","meta":[],"product_cat":[246],"product_tag":[],"class_list":{"0":"post-102","1":"product","2":"type-product","3":"status-publish","4":"has-post-thumbnail","6":"product_cat-fone-de-ouvido-bluetooth","8":"first","9":"instock","10":"shipping-taxable","11":"purchasable","12":"product-type-simple"},"_links":{"self":[{"href":"https:\/\/www.tagstecnologia.com.br\/index.php\/wp-json\/wp\/v2\/product\/102"}],"collection":[{"href":"https:\/\/www.tagstecnologia.com.br\/index.php\/wp-json\/wp\/v2\/product"}],"about":[{"href":"https:\/\/www.tagstecnologia.com.br\/index.php\/wp-json\/wp\/v2\/types\/product"}],"replies":[{"embeddable":true,"href":"https:\/\/www.tagstecnologia.com.br\/index.php\/wp-json\/wp\/v2\/comments?post=102"}],"wp:featuredmedia":[{"embeddable":true,"href":"https:\/\/www.tagstecnologia.com.br\/index.php\/wp-json\/wp\/v2\/media\/3654"}],"wp:attachment":[{"href":"https:\/\/www.tagstecnologia.com.br\/index.php\/wp-json\/wp\/v2\/media?parent=102"}],"wp:term":[{"taxonomy":"product_cat","embeddable":true,"href":"https:\/\/www.tagstecnologia.com.br\/index.php\/wp-json\/wp\/v2\/product_cat?post=102"},{"taxonomy":"product_tag","embeddable":true,"href":"https:\/\/www.tagstecnologia.com.br\/index.php\/wp-json\/wp\/v2\/product_tag?post=102"}],"curies":[{"name":"wp","href":"https:\/\/api.w.org\/{rel}","templated":true}]}}