{"id":108,"date":"2024-03-20T14:54:52","date_gmt":"2024-03-20T17:54:52","guid":{"rendered":"http:\/\/tagstecnologia.com.br\/index.php\/produto\/suporte-monitor-triangular-4-nivel-ac124\/"},"modified":"2025-11-09T00:04:09","modified_gmt":"2025-11-09T03:04:09","slug":"suporte-monitor-triangular-4-nivel-ac124","status":"publish","type":"product","link":"https:\/\/www.tagstecnologia.com.br\/index.php\/produto\/suporte-monitor-triangular-4-nivel-ac124\/","title":{"rendered":"Suporte Monitor Triangular 4 Nivel Ac124"},"content":{"rendered":"<p>Melhore sua postura e evite les\u00f5es desnecess\u00e1rias, utilizando o suporte para monitor LCD da Multilaser, especialmente desenvolvido para os cantos da mesa. \u00c9 poss\u00edvel o ajuste em at\u00e9 4 n\u00edveis de altura. Na caixa, al\u00e9m da base, disponibilizamos pra voc\u00ea um jogo de p\u00e9s desmont\u00e1veis.<\/p>\n<p>Ficha T\u00e9cnica<br \/>\nMODELO: OFFICE<br \/>\nCOR PRINCIPAL: PRETO<br \/>\nDESCRI\u00c7\u00c3O MERCURY: Suporte Multilaser Triangular Para Monitor De Mesa &#8211; AC124<br \/>\nMARCA: MULTILASER<br \/>\nCOMPOSI\u00c7\u00c3O DO MATERIAL: PL\u00c1STICO<br \/>\nGARANTIA: 3 ANOS<br \/>\nAltura m\u00e1xima: 17cm<br \/>\nAltura m\u00ednima: 4,5cm<br \/>\nDimens\u00e3o: 35,5x 6,5 cm<br \/>\nPESO M\u00c1XIMO SUPORTADO (KG): 20<\/p>\n","protected":false},"excerpt":{"rendered":"<p>Suporte Monitor Triangular 4 Nivel Ac124<\/p>\n","protected":false},"featured_media":3694,"comment_status":"open","ping_status":"closed","template":"","meta":[],"product_cat":[15],"product_tag":[],"class_list":{"0":"post-108","1":"product","2":"type-product","3":"status-publish","4":"has-post-thumbnail","6":"product_cat-sem-categoria","8":"first","9":"outofstock","10":"shipping-taxable","11":"purchasable","12":"product-type-simple"},"_links":{"self":[{"href":"https:\/\/www.tagstecnologia.com.br\/index.php\/wp-json\/wp\/v2\/product\/108"}],"collection":[{"href":"https:\/\/www.tagstecnologia.com.br\/index.php\/wp-json\/wp\/v2\/product"}],"about":[{"href":"https:\/\/www.tagstecnologia.com.br\/index.php\/wp-json\/wp\/v2\/types\/product"}],"replies":[{"embeddable":true,"href":"https:\/\/www.tagstecnologia.com.br\/index.php\/wp-json\/wp\/v2\/comments?post=108"}],"wp:featuredmedia":[{"embeddable":true,"href":"https:\/\/www.tagstecnologia.com.br\/index.php\/wp-json\/wp\/v2\/media\/3694"}],"wp:attachment":[{"href":"https:\/\/www.tagstecnologia.com.br\/index.php\/wp-json\/wp\/v2\/media?parent=108"}],"wp:term":[{"taxonomy":"product_cat","embeddable":true,"href":"https:\/\/www.tagstecnologia.com.br\/index.php\/wp-json\/wp\/v2\/product_cat?post=108"},{"taxonomy":"product_tag","embeddable":true,"href":"https:\/\/www.tagstecnologia.com.br\/index.php\/wp-json\/wp\/v2\/product_tag?post=108"}],"curies":[{"name":"wp","href":"https:\/\/api.w.org\/{rel}","templated":true}]}}