{"id":3503,"date":"2024-03-27T10:04:46","date_gmt":"2024-03-27T13:04:46","guid":{"rendered":"http:\/\/tagstecnologia.com.br\/index.php\/produto\/kit-tecl-e-mouse-arteck-2-em-1-rf2-4g\/"},"modified":"2024-06-19T10:27:43","modified_gmt":"2024-06-19T13:27:43","slug":"kit-tecl-e-mouse-arteck-2-em-1-rf2-4g","status":"publish","type":"product","link":"https:\/\/www.tagstecnologia.com.br\/index.php\/produto\/kit-tecl-e-mouse-arteck-2-em-1-rf2-4g\/","title":{"rendered":"Kit Tecl E Mouse Arteck  2 Em 1 Rf2.4g"},"content":{"rendered":"<p>Descri\u00e7\u00e3o<br \/>\nCombo Wireless 2.4G Super Silencioso<br \/>\nF\u00e1cil de instalar<br \/>\nCompatibilidade: Windows 2000\/XP\/Vista\/7\/8\/10 ou superior<\/p>\n<p>Mouse:<br \/>\nResolu\u00e7\u00e3o: 800\/1200\/1600 dpi<br \/>\n3 bot\u00f5es de fun\u00e7\u00e3o e mais 1 bot\u00e3o scroll para rolagem de tela<br \/>\nPilha aa<\/p>\n<p>Teclado:<br \/>\nABNT2<br \/>\nPilha aaa<\/p>\n<p>Dimens\u00f5es do Mouse:<br \/>\nAltura: 6 cm<br \/>\nLargura: 3,8 cm<br \/>\nProfundidade: 10,6 cm<br \/>\nPeso: 0,175 kg<\/p>\n<p>Dimens\u00f5es do Teclado:<br \/>\nAltura: 13,3 cm<br \/>\nLargura: 2,5 cm<br \/>\nProfundidade: 43,8 cm<br \/>\nPeso: 0,37 kg<\/p>\n","protected":false},"excerpt":{"rendered":"<p>Kit Tecl E Mouse Arteck 2 Em 1 Rf2.4g<\/p>\n","protected":false},"featured_media":3666,"comment_status":"open","ping_status":"closed","template":"","meta":[],"product_cat":[536],"product_tag":[],"class_list":{"0":"post-3503","1":"product","2":"type-product","3":"status-publish","4":"has-post-thumbnail","6":"product_cat-teclado-e-mouse-sem-fio-daz","8":"first","9":"outofstock","10":"shipping-taxable","11":"purchasable","12":"product-type-simple"},"_links":{"self":[{"href":"https:\/\/www.tagstecnologia.com.br\/index.php\/wp-json\/wp\/v2\/product\/3503"}],"collection":[{"href":"https:\/\/www.tagstecnologia.com.br\/index.php\/wp-json\/wp\/v2\/product"}],"about":[{"href":"https:\/\/www.tagstecnologia.com.br\/index.php\/wp-json\/wp\/v2\/types\/product"}],"replies":[{"embeddable":true,"href":"https:\/\/www.tagstecnologia.com.br\/index.php\/wp-json\/wp\/v2\/comments?post=3503"}],"wp:featuredmedia":[{"embeddable":true,"href":"https:\/\/www.tagstecnologia.com.br\/index.php\/wp-json\/wp\/v2\/media\/3666"}],"wp:attachment":[{"href":"https:\/\/www.tagstecnologia.com.br\/index.php\/wp-json\/wp\/v2\/media?parent=3503"}],"wp:term":[{"taxonomy":"product_cat","embeddable":true,"href":"https:\/\/www.tagstecnologia.com.br\/index.php\/wp-json\/wp\/v2\/product_cat?post=3503"},{"taxonomy":"product_tag","embeddable":true,"href":"https:\/\/www.tagstecnologia.com.br\/index.php\/wp-json\/wp\/v2\/product_tag?post=3503"}],"curies":[{"name":"wp","href":"https:\/\/api.w.org\/{rel}","templated":true}]}}