{"id":3689,"date":"2024-04-15T14:09:29","date_gmt":"2024-04-15T17:09:29","guid":{"rendered":"https:\/\/www.tagstecnologia.com.br\/index.php\/produto\/monitor-21-5-vxpro-vx215-hdmi\/"},"modified":"2024-08-29T10:53:53","modified_gmt":"2024-08-29T13:53:53","slug":"monitor-21-5-vxpro-vx215-hdmi","status":"publish","type":"product","link":"https:\/\/www.tagstecnologia.com.br\/index.php\/produto\/monitor-21-5-vxpro-vx215-hdmi\/","title":{"rendered":"Monitor 21.5 Vxpro Vx215 Hdmi"},"content":{"rendered":"<div class=\"flex-1 overflow-hidden\">\n<div class=\"react-scroll-to-bottom--css-gavxx-79elbk h-full\">\n<div class=\"react-scroll-to-bottom--css-gavxx-1n7m0yu\">\n<div>\n<div class=\"flex flex-col text-sm pb-9\">\n<div class=\"w-full text-token-text-primary\" dir=\"auto\" data-testid=\"conversation-turn-9\" data-scroll-anchor=\"true\">\n<div class=\"px-4 py-2 justify-center text-base md:gap-6 m-auto\">\n<div class=\"flex flex-1 text-base mx-auto gap-3 juice:gap-4 juice:md:gap-6 md:px-5 lg:px-1 xl:px-5 md:max-w-3xl lg:max-w-[40rem] xl:max-w-[48rem]\">\n<div class=\"relative flex w-full min-w-0 flex-col agent-turn\">\n<div class=\"flex-col gap-1 md:gap-3\">\n<div class=\"flex flex-grow flex-col max-w-full\">\n<div class=\"min-h-[20px] text-message flex flex-col items-start gap-3 whitespace-pre-wrap break-words [.text-message+&amp;]:mt-5 overflow-x-auto\" dir=\"auto\" data-message-author-role=\"assistant\" data-message-id=\"49015461-50f2-489c-abf7-9f31503dccdf\">\n<div class=\"markdown prose w-full break-words dark:prose-invert light\">\n<p>O Monitor VXpro 21 \u00e9 a escolha ideal para quem busca uma experi\u00eancia visual excepcional em qualquer ambiente, seja em casa ou no escrit\u00f3rio. Este monitor vai al\u00e9m de simplesmente exibir imagens, ele transforma a forma como voc\u00ea percebe o mundo ao seu redor.<\/p>\n<p>Equipado com uma tela LED, o Monitor VXpro 21 n\u00e3o apenas oferece imagens brilhantes e v\u00edvidas, mas tamb\u00e9m consome menos energia, tornando-o uma op\u00e7\u00e3o sustent\u00e1vel e econ\u00f4mica. Com cores n\u00edtidas e definidas, seus filmes e s\u00e9ries favoritas ganham vida em uma qualidade impressionante, proporcionando uma experi\u00eancia de visualiza\u00e7\u00e3o imersiva como nunca antes.<\/p>\n<p>Com um tamanho de 21.5 polegadas, este monitor oferece o equil\u00edbrio perfeito entre tamanho e praticidade. Seja para estudar, trabalhar ou desfrutar de momentos de lazer assistindo a um filme, o Monitor VXpro 21 proporciona conforto e conveni\u00eancia incompar\u00e1veis. Sua resolu\u00e7\u00e3o de 1920 x 1080 garante uma imagem de alta fidelidade, permitindo que voc\u00ea aprecie cada detalhe com clareza e precis\u00e3o.<\/p>\n<p>Com um design elegante e moderno, o Monitor VXpro 21 complementa qualquer espa\u00e7o, adicionando um toque de sofistica\u00e7\u00e3o ao seu ambiente. Desfrute de momentos \u00fanicos e aproveite ao m\u00e1ximo suas atividades di\u00e1rias com este monitor que oferece qualidade, conforto e estilo em um \u00fanico pacote.<\/p>\n<\/div>\n<\/div>\n<\/div>\n<div class=\"mt-1 flex gap-3 empty:hidden\">\n<div class=\"text-gray-400 flex self-end lg:self-center items-center justify-center lg:justify-start mt-0 -ml-1 h-7 gap-[2px] visible\">\n<p>&nbsp;<\/p>\n<div class=\"flex items-center gap-1.5 text-xs\"><\/div>\n<div class=\"flex\"><\/div>\n<\/div>\n<\/div>\n<div class=\"pr-2 lg:pr-0\"><\/div>\n<\/div>\n<div class=\"absolute\">\n<div class=\"flex w-full gap-2 items-center justify-center\"><\/div>\n<\/div>\n<\/div>\n<\/div>\n<\/div>\n<\/div>\n<\/div>\n<\/div>\n<\/div>\n<\/div>\n<\/div>\n<div class=\"w-full pt-2 md:pt-0 dark:border-white\/20 md:border-transparent md:dark:border-transparent md:w-[calc(100%-.5rem)]\">\n<div class=\"relative flex h-full max-w-full flex-1 flex-col\">\n<div class=\"absolute bottom-full left-0 right-0\"><\/div>\n<div class=\"flex w-full items-center\"><\/div>\n<\/div>\n<\/div>\n","protected":false},"excerpt":{"rendered":"<p>Monitor 21.5 Vxpro Vx215 Hdmi<\/p>\n","protected":false},"featured_media":3719,"comment_status":"open","ping_status":"closed","template":"","meta":[],"product_cat":[391],"product_tag":[],"class_list":{"0":"post-3689","1":"product","2":"type-product","3":"status-publish","4":"has-post-thumbnail","6":"product_cat-monitor-215","8":"first","9":"outofstock","10":"shipping-taxable","11":"purchasable","12":"product-type-simple"},"_links":{"self":[{"href":"https:\/\/www.tagstecnologia.com.br\/index.php\/wp-json\/wp\/v2\/product\/3689"}],"collection":[{"href":"https:\/\/www.tagstecnologia.com.br\/index.php\/wp-json\/wp\/v2\/product"}],"about":[{"href":"https:\/\/www.tagstecnologia.com.br\/index.php\/wp-json\/wp\/v2\/types\/product"}],"replies":[{"embeddable":true,"href":"https:\/\/www.tagstecnologia.com.br\/index.php\/wp-json\/wp\/v2\/comments?post=3689"}],"wp:featuredmedia":[{"embeddable":true,"href":"https:\/\/www.tagstecnologia.com.br\/index.php\/wp-json\/wp\/v2\/media\/3719"}],"wp:attachment":[{"href":"https:\/\/www.tagstecnologia.com.br\/index.php\/wp-json\/wp\/v2\/media?parent=3689"}],"wp:term":[{"taxonomy":"product_cat","embeddable":true,"href":"https:\/\/www.tagstecnologia.com.br\/index.php\/wp-json\/wp\/v2\/product_cat?post=3689"},{"taxonomy":"product_tag","embeddable":true,"href":"https:\/\/www.tagstecnologia.com.br\/index.php\/wp-json\/wp\/v2\/product_tag?post=3689"}],"curies":[{"name":"wp","href":"https:\/\/api.w.org\/{rel}","templated":true}]}}