{"id":37,"date":"2023-12-21T16:43:11","date_gmt":"2023-12-21T19:43:11","guid":{"rendered":"http:\/\/tagstecnologia.com.br\/index.php\/produto\/power-bank-inova-20000mha-md-p203\/"},"modified":"2025-12-20T03:33:50","modified_gmt":"2025-12-20T06:33:50","slug":"power-bank-inova-20000mha-md-p203","status":"publish","type":"product","link":"https:\/\/www.tagstecnologia.com.br\/index.php\/produto\/power-bank-inova-20000mha-md-p203\/","title":{"rendered":"Power Bank Inova 20000mha Md-p203"},"content":{"rendered":"<p>Carregador Port\u00e1til Power Bank 20000mAh Original Inova Md-P203<\/p>\n<p>&#8211; Universal, compat\u00edvel com Smartphones, Smartwatches, Fones de Ouvido Bluetooth, Controles sem fio, Tablets, MP4, PSP\/GPS, C\u00e2meras, dentre outros equipamentos;<br \/>\n&#8211; O design desse produto facilita o transporte e a manuten\u00e7\u00e3o. Cabe facilmente em bolsas e em bolsos;<br \/>\n&#8211; Possui luzes indicativas de LED para mostrar o n\u00edvel de carga armazenado no Power Bank;<br \/>\n&#8211; Possui prote\u00e7\u00e3o m\u00faltipla contra descarga, sobrecarga e curto-circuito;<br \/>\n&#8211; Carregue at\u00e9 2 dispositivo ao mesmo tempo !<\/p>\n<p>\u2022 Nosso Carregador Port\u00e1til Universal de 20.000mAh \u00e9 ideal para voc\u00ea ir a qualquer lugar, e o mais importante, se manter conectado!<\/p>\n<p>\u2022 Simplesmente o que ha de melhor para carregamento port\u00e1til !!<\/p>\n<p>\u2022 Um Power Bank com duas sa\u00eddas USB, acompanhado de um cabo Micro USB V8 para carregamento do power bank. Voc\u00ea poder\u00e1 fazer suas viagens e se manter conectado SEMPRE.<\/p>\n<p>\u2022 Carregue seu celular, seu smartwatch, caixa de som, tablet ou qualquer equipamento. \u2022<\/p>\n<p>INFORMA\u00c7\u00d5ES T\u00c9CNICAS<\/p>\n<p>&#8211; Marca: Inova<br \/>\n&#8211; Modelo: Md-P203<br \/>\n&#8211; Capacidade: 3.7V 20000mAh 74Wh<br \/>\n&#8211; Entrada: DC5V 2A<br \/>\n&#8211; Out1: 5V 2.1A<br \/>\n&#8211; Out2: 5V 2.1A<br \/>\n&#8211; Total Out: 5V 2.1A MAX<br \/>\n&#8211; Sa\u00edda Classificada: 12580mAh 62.9Wh<br \/>\n&#8211; Tempo de Espera depois de Totalmente Carregado: 5000h<br \/>\n&#8211; Temperatura de Opera\u00e7\u00e3o: 10c ~ 40C<br \/>\n&#8211; Temperatura de Armazenamento: -10C ~ 50C<br \/>\n&#8211; Dimens\u00f5es 16x8x2mm<br \/>\n&#8211; Peso: 420g<\/p>\n<p>COMPATIBILIDADE<\/p>\n<p>Compat\u00edvel com todos os celulares e funciona com todos os cabos (Micro USB V8, Tipo C, i6, dentre outros):<\/p>\n<p>&#8211; Toda a linha Android (novos e antigos)<br \/>\n&#8211; Toda a linha iPhone (novos e antigos)<br \/>\n&#8211; Toda a linha Xiaomi (novos e antigos)<br \/>\n&#8211; Toda a linha Samsung (novos e antigos)<br \/>\n&#8211; MP3, MP4, GPS, caixas de som, microfones, c\u00e2meras, ring lights, smartwatchs, controles, fones de ouvido, port\u00e1teis, tablets, dentre outros.<\/p>\n<p>CONTE\u00daDO DA EMBALAGEM<\/p>\n<p>&#8211; 1 Power Bank de 20.000mAh<br \/>\n&#8211; 1 Cabo para Carregamento do Power Bank<br \/>\n&#8211; 1 Manual de Intru\u00e7\u00f5es<br \/>\n&#8211; 1 Embalagem Original<\/p>\n","protected":false},"excerpt":{"rendered":"<p>Power Bank Inova 20000mha Md-p203<\/p>\n","protected":false},"featured_media":3700,"comment_status":"open","ping_status":"closed","template":"","meta":[],"product_cat":[465],"product_tag":[],"class_list":{"0":"post-37","1":"product","2":"type-product","3":"status-publish","4":"has-post-thumbnail","6":"product_cat-power-bank","8":"first","9":"outofstock","10":"shipping-taxable","11":"purchasable","12":"product-type-simple"},"_links":{"self":[{"href":"https:\/\/www.tagstecnologia.com.br\/index.php\/wp-json\/wp\/v2\/product\/37"}],"collection":[{"href":"https:\/\/www.tagstecnologia.com.br\/index.php\/wp-json\/wp\/v2\/product"}],"about":[{"href":"https:\/\/www.tagstecnologia.com.br\/index.php\/wp-json\/wp\/v2\/types\/product"}],"replies":[{"embeddable":true,"href":"https:\/\/www.tagstecnologia.com.br\/index.php\/wp-json\/wp\/v2\/comments?post=37"}],"wp:featuredmedia":[{"embeddable":true,"href":"https:\/\/www.tagstecnologia.com.br\/index.php\/wp-json\/wp\/v2\/media\/3700"}],"wp:attachment":[{"href":"https:\/\/www.tagstecnologia.com.br\/index.php\/wp-json\/wp\/v2\/media?parent=37"}],"wp:term":[{"taxonomy":"product_cat","embeddable":true,"href":"https:\/\/www.tagstecnologia.com.br\/index.php\/wp-json\/wp\/v2\/product_cat?post=37"},{"taxonomy":"product_tag","embeddable":true,"href":"https:\/\/www.tagstecnologia.com.br\/index.php\/wp-json\/wp\/v2\/product_tag?post=37"}],"curies":[{"name":"wp","href":"https:\/\/api.w.org\/{rel}","templated":true}]}}