{"id":3704,"date":"2024-04-24T08:36:25","date_gmt":"2024-04-24T11:36:25","guid":{"rendered":"https:\/\/www.tagstecnologia.com.br\/index.php\/produto\/fone-inova-unicornio-fon-8524\/"},"modified":"2025-09-28T14:23:16","modified_gmt":"2025-09-28T17:23:16","slug":"fone-inova-unicornio-fon-8524","status":"publish","type":"product","link":"https:\/\/www.tagstecnologia.com.br\/index.php\/produto\/fone-inova-unicornio-fon-8524\/","title":{"rendered":"Fone Inova Unicornio Fon-8524"},"content":{"rendered":"<div class=\"flex-1 overflow-hidden\">\n<div class=\"react-scroll-to-bottom--css-ivoto-79elbk h-full\">\n<div class=\"react-scroll-to-bottom--css-ivoto-1n7m0yu\">\n<div class=\"flex flex-col text-sm pb-9\">\n<div class=\"w-full text-token-text-primary\" dir=\"auto\" data-testid=\"conversation-turn-3\">\n<div class=\"px-4 py-2 justify-center text-base md:gap-6 m-auto\">\n<div class=\"flex flex-1 text-base mx-auto gap-3 juice:gap-4 juice:md:gap-6 md:px-5 lg:px-1 xl:px-5 md:max-w-3xl lg:max-w-[40rem] xl:max-w-[48rem]\">\n<div class=\"relative flex w-full min-w-0 flex-col agent-turn\">\n<div class=\"flex-col gap-1 md:gap-3\">\n<div class=\"flex flex-grow flex-col max-w-full\">\n<div class=\"min-h-[20px] text-message flex flex-col items-start gap-3 whitespace-pre-wrap break-words [.text-message+&amp;]:mt-5 overflow-x-auto\" dir=\"auto\" data-message-author-role=\"assistant\" data-message-id=\"e1df95f0-0792-4f64-a175-431e180c9c83\">\n<div class=\"markdown prose w-full break-words dark:prose-invert light\">\n<p>O Headset Unic\u00f3rnio Orelhas de Gato da marca INOVA \u00e9 a escolha perfeita para quem busca um toque de divers\u00e3o em seu estilo auditivo. Compat\u00edvel com uma ampla gama de dispositivos, desde smartphones a computadores, este headset oferece uma experi\u00eancia de \u00e1udio n\u00edtida e envolvente, sem distor\u00e7\u00f5es, para que voc\u00ea possa desfrutar de suas m\u00fasicas favoritas em qualquer lugar.<\/p>\n<p>O design encantador das orelhas de gato, complementadas por luzes de LED coloridas, adiciona um toque de magia ao seu visual. Voc\u00ea pode alternar entre diferentes modos de ilumina\u00e7\u00e3o &#8211; seja mantendo as luzes acesas, apagadas ou piscando &#8211; para combinar com seu humor e estilo.<\/p>\n<p>Al\u00e9m do visual cativante, este headset foi projetado com o seu conforto em mente. As al\u00e7as ajust\u00e1veis garantem um ajuste personalizado para cada usu\u00e1rio, enquanto as conchas ac\u00fasticas dobr\u00e1veis facilitam o armazenamento e transporte quando n\u00e3o estiverem em uso.<\/p>\n<p>Embora n\u00e3o possua conectividade Bluetooth ou microfone para chamadas, o Headset Unic\u00f3rnio Orelhas de Gato entrega um som est\u00e9reo de alta qualidade, permitindo que voc\u00ea mergulhe em sua m\u00fasica favorita com toda a sua intensidade. E com o bot\u00e3o de liga\/desliga para as luzes de LED, voc\u00ea tem controle total sobre o visual do seu headset.<\/p>\n<p>Seja em casa, na escola ou em movimento, este headset \u00e9 uma declara\u00e7\u00e3o de estilo e personalidade, elevando sua experi\u00eancia auditiva para um n\u00edvel totalmente novo. Entregando tanto em forma quanto em fun\u00e7\u00e3o, o Headset Unic\u00f3rnio Orelhas de Gato \u00e9 mais do que apenas um acess\u00f3rio &#8211; \u00e9 uma express\u00e3o de criatividade e divers\u00e3o em cada nota.<\/p>\n<\/div>\n<\/div>\n<\/div>\n<div class=\"mt-1 flex gap-3 empty:hidden\">\n<div class=\"text-gray-400 flex self-end lg:self-center items-center justify-center lg:justify-start mt-0 -ml-1 h-7 gap-[2px] visible\">\n<div class=\"woocommerce-tabs wc-tabs-wrapper container tabbed-content\">\n<div class=\"tab-panels\">\n<div id=\"tab-description\" class=\"woocommerce-Tabs-panel woocommerce-Tabs-panel--description panel entry-content active\" role=\"tabpanel\" aria-labelledby=\"tab-title-description\">\n<p>\u2013 Compat\u00edvel com Smartphones, tablets, computadores, etc<br \/>\n\u2013 Som est\u00e9reo com qualidade<br \/>\n\u2013 Al\u00e7as ajust\u00e1veis<br \/>\n\u2013 Conchas dobr\u00e1veis, facilitando guardar<br \/>\n\u2013 Design orelhas de Gatinho<br \/>\n\u2013 LED: Nas Orelhas e Chifre<br \/>\nInforma\u00e7\u00f5es t\u00e9cnicas<br \/>\n\u2013 Marca: INOVA<br \/>\n\u2013 Modelo: FON-8524<br \/>\n\u2013 Bluetooth: N\u00e3o (Apenas com fio)<br \/>\n\u2013 Microfone: N\u00e3o (N\u00e3o atende chamadas)<br \/>\n\u2013 Alto falante: Sim<br \/>\n\u2013 Controle de volume: N\u00e3o<br \/>\n\u2013 Bot\u00e3o liga\/desliga led: Sim<br \/>\n\u2013 Ilumina\u00e7\u00e3o LED: Sim<br \/>\n\u2013 Modo dos LEDs: Apagado, Aceso e Aceso Piscando<br \/>\n\u2013 Compat\u00edvel com smartphones, tablets, computadores, etc<br \/>\nConectividade<br \/>\n\u2013 Conex\u00e3o via Cabo P2 (Fone com fio)<br \/>\nItens inclusos:<br \/>\n1 x Headphone Orelhas de Gato<br \/>\n1 x Manual de Instru\u00e7\u00f5es<\/p>\n<\/div>\n<div id=\"tab-additional_information\" class=\"woocommerce-Tabs-panel woocommerce-Tabs-panel--additional_information panel entry-content \" role=\"tabpanel\" aria-labelledby=\"tab-title-additional_information\"><\/div>\n<\/div>\n<\/div>\n<div class=\"related related-products-wrapper product-section\"><\/div>\n<div class=\"flex items-center gap-1.5 text-xs\"><\/div>\n<div class=\"flex\"><\/div>\n<\/div>\n<\/div>\n<div class=\"pr-2 lg:pr-0\"><\/div>\n<\/div>\n<div class=\"absolute\">\n<div class=\"flex w-full gap-2 items-center justify-center\"><\/div>\n<\/div>\n<\/div>\n<\/div>\n<\/div>\n<\/div>\n<\/div>\n<\/div>\n<\/div>\n<\/div>\n<div class=\"w-full pt-2 md:pt-0 dark:border-white\/20 md:border-transparent md:dark:border-transparent md:w-[calc(100%-.5rem)]\">\n<div class=\"relative flex h-full flex-1 flex-col\">\n<div class=\"absolute bottom-full left-0 right-0\"><\/div>\n<div class=\"flex w-full items-center\"><\/div>\n<\/div>\n<\/div>\n","protected":false},"excerpt":{"rendered":"<p>Fone Inova Unicornio Fon-8524<\/p>\n","protected":false},"featured_media":3706,"comment_status":"open","ping_status":"closed","template":"","meta":[],"product_cat":[283],"product_tag":[],"class_list":{"0":"post-3704","1":"product","2":"type-product","3":"status-publish","4":"has-post-thumbnail","6":"product_cat-fone-xbom","8":"first","9":"outofstock","10":"featured","11":"shipping-taxable","12":"purchasable","13":"product-type-simple"},"_links":{"self":[{"href":"https:\/\/www.tagstecnologia.com.br\/index.php\/wp-json\/wp\/v2\/product\/3704"}],"collection":[{"href":"https:\/\/www.tagstecnologia.com.br\/index.php\/wp-json\/wp\/v2\/product"}],"about":[{"href":"https:\/\/www.tagstecnologia.com.br\/index.php\/wp-json\/wp\/v2\/types\/product"}],"replies":[{"embeddable":true,"href":"https:\/\/www.tagstecnologia.com.br\/index.php\/wp-json\/wp\/v2\/comments?post=3704"}],"wp:featuredmedia":[{"embeddable":true,"href":"https:\/\/www.tagstecnologia.com.br\/index.php\/wp-json\/wp\/v2\/media\/3706"}],"wp:attachment":[{"href":"https:\/\/www.tagstecnologia.com.br\/index.php\/wp-json\/wp\/v2\/media?parent=3704"}],"wp:term":[{"taxonomy":"product_cat","embeddable":true,"href":"https:\/\/www.tagstecnologia.com.br\/index.php\/wp-json\/wp\/v2\/product_cat?post=3704"},{"taxonomy":"product_tag","embeddable":true,"href":"https:\/\/www.tagstecnologia.com.br\/index.php\/wp-json\/wp\/v2\/product_tag?post=3704"}],"curies":[{"name":"wp","href":"https:\/\/api.w.org\/{rel}","templated":true}]}}