{"id":3715,"date":"2024-05-02T10:47:28","date_gmt":"2024-05-02T13:47:28","guid":{"rendered":"https:\/\/www.tagstecnologia.com.br\/index.php\/produto\/radio-inova-sem-fio-rad-8195\/"},"modified":"2024-08-24T14:39:12","modified_gmt":"2024-08-24T17:39:12","slug":"radio-inova-sem-fio-rad-8195","status":"publish","type":"product","link":"https:\/\/www.tagstecnologia.com.br\/index.php\/produto\/radio-inova-sem-fio-rad-8195\/","title":{"rendered":"Radio Inova Sem Fio Rad-8195"},"content":{"rendered":"<div class=\"flex-1 overflow-hidden\">\n<div class=\"react-scroll-to-bottom--css-blwip-79elbk h-full\">\n<div class=\"react-scroll-to-bottom--css-blwip-1n7m0yu\">\n<div>\n<div class=\"flex flex-col text-sm pb-9\">\n<div class=\"w-full text-token-text-primary\" dir=\"auto\" data-testid=\"conversation-turn-11\" data-scroll-anchor=\"true\">\n<div class=\"px-4 py-2 justify-center text-base md:gap-6 m-auto\">\n<div class=\"flex flex-1 text-base mx-auto gap-3 juice:gap-4 juice:md:gap-6 md:px-5 lg:px-1 xl:px-5 md:max-w-3xl lg:max-w-[40rem] xl:max-w-[48rem]\">\n<div class=\"relative flex w-full min-w-0 flex-col agent-turn\">\n<div class=\"flex-col gap-1 md:gap-3\">\n<div class=\"flex flex-grow flex-col max-w-full\">\n<div class=\"min-h-[20px] text-message flex flex-col items-start gap-3 whitespace-pre-wrap break-words [.text-message+&amp;]:mt-5 overflow-x-auto\" dir=\"auto\" data-message-author-role=\"assistant\" data-message-id=\"3e504b9e-73de-4212-a469-91abf73dbb3f\">\n<div class=\"markdown prose w-full break-words dark:prose-invert light\">\n<p>Apresentamos o Radio AM\/FM\/Bluetooth Retr\u00f4 Vintage Port\u00e1til, uma combina\u00e7\u00e3o perfeita de estilo cl\u00e1ssico e funcionalidade moderna. Com um design vintage que evoca a nostalgia do passado, este r\u00e1dio oferece uma variedade de recursos para atender \u00e0s suas necessidades de entretenimento.<\/p>\n<p>Com a capacidade de sintonizar esta\u00e7\u00f5es de r\u00e1dio AM e FM, voc\u00ea pode desfrutar de sua programa\u00e7\u00e3o favorita com clareza e precis\u00e3o. Al\u00e9m disso, a conectividade Bluetooth permite que voc\u00ea reproduza m\u00fasica sem fio a partir de dispositivos compat\u00edveis, proporcionando uma experi\u00eancia auditiva conveniente e sem complica\u00e7\u00f5es.<\/p>\n<p>O Radio Retr\u00f4 Vintage tamb\u00e9m possui slots para cart\u00e3o SD e USB, permitindo que voc\u00ea reproduza sua pr\u00f3pria sele\u00e7\u00e3o de m\u00fasicas diretamente do seu dispositivo de armazenamento preferido. Com uma pot\u00eancia de sa\u00edda de 2W e um alto-falante de 3W, este r\u00e1dio entrega um som claro e envolvente, garantindo uma experi\u00eancia de \u00e1udio imersiva onde quer que voc\u00ea esteja.<\/p>\n<p>Al\u00e9m disso, sua bateria interna recarreg\u00e1vel de 5V proporciona uma excelente autonomia, permitindo que voc\u00ea desfrute de horas de m\u00fasica sem interrup\u00e7\u00f5es. Inclui tamb\u00e9m um cabo para recarga na tomada, garantindo que voc\u00ea possa recarregar facilmente seu r\u00e1dio sempre que necess\u00e1rio.<\/p>\n<p>Fabricado com materiais de alta qualidade e constru\u00eddo para durar, o Radio AM\/FM\/Bluetooth Retr\u00f4 Vintage Port\u00e1til \u00e9 um produto de excelente qualidade que combina estilo atemporal com desempenho excepcional. Desfrute de momentos de entretenimento sem igual com este elegante e funcional r\u00e1dio retr\u00f4.<\/p>\n<\/div>\n<\/div>\n<\/div>\n<div class=\"mt-1 flex gap-3 empty:hidden\">\n<div class=\"text-gray-400 flex self-end lg:self-center items-center justify-center lg:justify-start mt-0 -ml-1 h-7 gap-[2px] visible\">\n<p>&nbsp;<\/p>\n<div class=\"flex items-center gap-1.5 text-xs\"><\/div>\n<div class=\"flex\"><\/div>\n<\/div>\n<\/div>\n<div class=\"pr-2 lg:pr-0\"><\/div>\n<\/div>\n<div class=\"absolute\">\n<div class=\"flex w-full gap-2 items-center justify-center\"><\/div>\n<\/div>\n<\/div>\n<\/div>\n<\/div>\n<\/div>\n<\/div>\n<\/div>\n<\/div>\n<\/div>\n<\/div>\n<div class=\"w-full pt-2 md:pt-0 dark:border-white\/20 md:border-transparent md:dark:border-transparent md:w-[calc(100%-.5rem)] juice:w-full\">\n<div class=\"relative flex h-full max-w-full flex-1 flex-col\">\n<div class=\"absolute bottom-full left-0 right-0\"><\/div>\n<div class=\"flex w-full items-center\"><\/div>\n<\/div>\n<\/div>\n","protected":false},"excerpt":{"rendered":"<p>Radio Inova Sem Fio Rad-8195<\/p>\n","protected":false},"featured_media":3718,"comment_status":"open","ping_status":"closed","template":"","meta":[],"product_cat":[478],"product_tag":[],"class_list":{"0":"post-3715","1":"product","2":"type-product","3":"status-publish","4":"has-post-thumbnail","6":"product_cat-radio-basico","8":"first","9":"outofstock","10":"shipping-taxable","11":"purchasable","12":"product-type-simple"},"_links":{"self":[{"href":"https:\/\/www.tagstecnologia.com.br\/index.php\/wp-json\/wp\/v2\/product\/3715"}],"collection":[{"href":"https:\/\/www.tagstecnologia.com.br\/index.php\/wp-json\/wp\/v2\/product"}],"about":[{"href":"https:\/\/www.tagstecnologia.com.br\/index.php\/wp-json\/wp\/v2\/types\/product"}],"replies":[{"embeddable":true,"href":"https:\/\/www.tagstecnologia.com.br\/index.php\/wp-json\/wp\/v2\/comments?post=3715"}],"wp:featuredmedia":[{"embeddable":true,"href":"https:\/\/www.tagstecnologia.com.br\/index.php\/wp-json\/wp\/v2\/media\/3718"}],"wp:attachment":[{"href":"https:\/\/www.tagstecnologia.com.br\/index.php\/wp-json\/wp\/v2\/media?parent=3715"}],"wp:term":[{"taxonomy":"product_cat","embeddable":true,"href":"https:\/\/www.tagstecnologia.com.br\/index.php\/wp-json\/wp\/v2\/product_cat?post=3715"},{"taxonomy":"product_tag","embeddable":true,"href":"https:\/\/www.tagstecnologia.com.br\/index.php\/wp-json\/wp\/v2\/product_tag?post=3715"}],"curies":[{"name":"wp","href":"https:\/\/api.w.org\/{rel}","templated":true}]}}