{"id":3721,"date":"2024-05-03T14:17:13","date_gmt":"2024-05-03T17:17:13","guid":{"rendered":"https:\/\/www.tagstecnologia.com.br\/index.php\/produto\/memoria-ddr3-8gb-1600mhz-jazer-mp\/"},"modified":"2024-07-15T08:32:39","modified_gmt":"2024-07-15T11:32:39","slug":"memoria-ddr3-8gb-1600mhz-jazer-mp","status":"publish","type":"product","link":"https:\/\/www.tagstecnologia.com.br\/index.php\/produto\/memoria-ddr3-8gb-1600mhz-jazer-mp\/","title":{"rendered":"Memoria Ddr3 8gb 1600mhz Jazer"},"content":{"rendered":"<div class=\"flex-1 overflow-hidden\">\n<div class=\"react-scroll-to-bottom--css-cvumu-79elbk h-full\">\n<div class=\"react-scroll-to-bottom--css-cvumu-1n7m0yu\">\n<div>\n<div class=\"flex flex-col text-sm pb-9\">\n<div class=\"w-full text-token-text-primary\" dir=\"auto\" data-testid=\"conversation-turn-15\" data-scroll-anchor=\"true\">\n<div class=\"py-2 px-3 text-base md:px-4 m-auto md:px-5 lg:px-1 xl:px-5\">\n<div class=\"mx-auto flex flex-1 gap-3 text-base juice:gap-4 juice:md:gap-6 md:max-w-3xl lg:max-w-[40rem] xl:max-w-[48rem]\">\n<div class=\"relative flex w-full min-w-0 flex-col agent-turn\">\n<div class=\"flex-col gap-1 md:gap-3\">\n<div class=\"flex flex-grow flex-col max-w-full\">\n<div class=\"min-h-[20px] text-message flex flex-col items-start whitespace-pre-wrap break-words [.text-message+&amp;]:mt-5 overflow-x-auto gap-3\" dir=\"auto\" data-message-author-role=\"assistant\" data-message-id=\"e411d5e7-f210-434e-b249-5a6499c2101d\">\n<div class=\"markdown prose w-full break-words dark:prose-invert light\">\n<p>Se voc\u00ea est\u00e1 buscando uma maneira de aprimorar o desempenho do seu computador, a atualiza\u00e7\u00e3o da sua RAM pode ser a solu\u00e7\u00e3o perfeita. Com a mem\u00f3ria RAM adequada, voc\u00ea pode experimentar uma opera\u00e7\u00e3o mais r\u00e1pida e suave do seu sistema, permitindo que voc\u00ea execute v\u00e1rias tarefas simultaneamente com facilidade e efici\u00eancia.<\/p>\n<p>Melhore o desempenho do seu PC Ao investir em um m\u00f3dulo DDR3 de tecnologia avan\u00e7ada, voc\u00ea estar\u00e1 garantindo velocidades de transfer\u00eancia e barramento mais altas em compara\u00e7\u00e3o com as vers\u00f5es anteriores de DDR, resultando em um desempenho geral aprimorado para o seu dispositivo.<\/p>\n<p>Renove seu equipamento Projetada para computadores de mesa, esta mem\u00f3ria \u00e9 a maneira perfeita de revitalizar o seu sistema. Basta instalar o m\u00f3dulo e sentir imediatamente a diferen\u00e7a em termos de desempenho e efici\u00eancia.<\/p>\n<p>Aumente sua produtividade Seja para uso dom\u00e9stico, navega\u00e7\u00e3o na web, comunica\u00e7\u00e3o por e-mail ou trabalhar com v\u00e1rias aplica\u00e7\u00f5es simultaneamente, esta mem\u00f3ria oferece o desempenho necess\u00e1rio para lidar com todas as suas tarefas di\u00e1rias. Com uma impressionante velocidade de 1600 MHz, voc\u00ea pode esperar um funcionamento r\u00e1pido e eficaz do seu sistema em todas as situa\u00e7\u00f5es.<\/p>\n<\/div>\n<\/div>\n<\/div>\n<div class=\"mt-1 flex gap-3 empty:hidden\">\n<div class=\"text-gray-400 flex self-end lg:self-center items-center justify-center lg:justify-start mt-0 -ml-1 h-7 gap-[2px] visible\">\n<p>&nbsp;<\/p>\n<div class=\"flex items-center gap-1.5 text-xs\"><\/div>\n<div class=\"flex\"><\/div>\n<\/div>\n<\/div>\n<div class=\"pr-2 lg:pr-0\"><\/div>\n<\/div>\n<div class=\"absolute\">\n<div class=\"flex w-full gap-2 items-center justify-center\"><\/div>\n<\/div>\n<\/div>\n<\/div>\n<\/div>\n<\/div>\n<\/div>\n<\/div>\n<\/div>\n<\/div>\n<\/div>\n<div class=\"w-full md:pt-0 dark:border-white\/20 md:border-transparent md:dark:border-transparent md:w-[calc(100%-.5rem)] juice:w-full\">\n<div class=\"px-3 text-base md:px-4 m-auto md:px-5 lg:px-1 xl:px-5\">\n<div class=\"mx-auto flex flex-1 gap-3 text-base juice:gap-4 juice:md:gap-6 md:max-w-3xl lg:max-w-[40rem] xl:max-w-[48rem]\">\n<div class=\"relative flex h-full max-w-full flex-1 flex-col\">\n<div class=\"absolute bottom-full left-0 right-0\"><\/div>\n<div class=\"flex w-full items-center\"><\/div>\n<\/div>\n<\/div>\n<\/div>\n<\/div>\n","protected":false},"excerpt":{"rendered":"<p>Memoria Ddr3 8gb 1600mhz Jazer Mp<\/p>\n","protected":false},"featured_media":3722,"comment_status":"open","ping_status":"closed","template":"","meta":[],"product_cat":[370],"product_tag":[],"class_list":{"0":"post-3721","1":"product","2":"type-product","3":"status-publish","4":"has-post-thumbnail","6":"product_cat-memoria-desktop","8":"first","9":"outofstock","10":"shipping-taxable","11":"purchasable","12":"product-type-simple"},"_links":{"self":[{"href":"https:\/\/www.tagstecnologia.com.br\/index.php\/wp-json\/wp\/v2\/product\/3721"}],"collection":[{"href":"https:\/\/www.tagstecnologia.com.br\/index.php\/wp-json\/wp\/v2\/product"}],"about":[{"href":"https:\/\/www.tagstecnologia.com.br\/index.php\/wp-json\/wp\/v2\/types\/product"}],"replies":[{"embeddable":true,"href":"https:\/\/www.tagstecnologia.com.br\/index.php\/wp-json\/wp\/v2\/comments?post=3721"}],"wp:featuredmedia":[{"embeddable":true,"href":"https:\/\/www.tagstecnologia.com.br\/index.php\/wp-json\/wp\/v2\/media\/3722"}],"wp:attachment":[{"href":"https:\/\/www.tagstecnologia.com.br\/index.php\/wp-json\/wp\/v2\/media?parent=3721"}],"wp:term":[{"taxonomy":"product_cat","embeddable":true,"href":"https:\/\/www.tagstecnologia.com.br\/index.php\/wp-json\/wp\/v2\/product_cat?post=3721"},{"taxonomy":"product_tag","embeddable":true,"href":"https:\/\/www.tagstecnologia.com.br\/index.php\/wp-json\/wp\/v2\/product_tag?post=3721"}],"curies":[{"name":"wp","href":"https:\/\/api.w.org\/{rel}","templated":true}]}}