{"id":3753,"date":"2024-05-14T08:53:40","date_gmt":"2024-05-14T11:53:40","guid":{"rendered":"https:\/\/www.tagstecnologia.com.br\/index.php\/produto\/fone-sem-fio-tws-inova-fon-20381\/"},"modified":"2025-12-16T17:08:50","modified_gmt":"2025-12-16T20:08:50","slug":"fone-sem-fio-tws-inova-fon-20381","status":"publish","type":"product","link":"https:\/\/www.tagstecnologia.com.br\/index.php\/produto\/fone-sem-fio-tws-inova-fon-20381\/","title":{"rendered":"Fone Sem Fio Tws Inova Fon-20381"},"content":{"rendered":"<div class=\"flex-1 overflow-hidden\">\n<div class=\"react-scroll-to-bottom--css-iablm-79elbk h-full\">\n<div class=\"react-scroll-to-bottom--css-iablm-1n7m0yu\">\n<div class=\"flex flex-col text-sm pb-9\">\n<div class=\"w-full text-token-text-primary\" dir=\"auto\" data-testid=\"conversation-turn-39\" data-scroll-anchor=\"true\">\n<div class=\"py-2 px-3 text-base md:px-4 m-auto md:px-5 lg:px-1 xl:px-5\">\n<div class=\"mx-auto flex flex-1 gap-3 text-base juice:gap-4 juice:md:gap-6 md:max-w-3xl lg:max-w-[40rem] xl:max-w-[48rem]\">\n<div class=\"relative flex w-full min-w-0 flex-col agent-turn\">\n<div class=\"flex-col gap-1 md:gap-3\">\n<div class=\"flex flex-grow flex-col max-w-full\">\n<div class=\"min-h-[20px] text-message flex flex-col items-start whitespace-pre-wrap break-words [.text-message+&amp;]:mt-5 juice:w-full juice:items-end overflow-x-auto gap-3\" dir=\"auto\" data-message-author-role=\"assistant\" data-message-id=\"579a4ed1-ccca-40e6-9d54-d3962ea15ae1\">\n<div class=\"markdown prose w-full break-words dark:prose-invert light\">\n<p>Apresentamos o Mini Fone de Ouvido Sem Fio Bluetooth 5.3 da Inova, modelo FON-20381, uma revolu\u00e7\u00e3o em \u00e1udio port\u00e1til. Este fone de ouvido sem fio oferece uma experi\u00eancia auditiva excepcional com sua tecnologia avan\u00e7ada e design inovador.<\/p>\n<p><strong>Funcionalidades:<\/strong><\/p>\n<ul>\n<li><strong>Fones Duplos:<\/strong> Dois fones que podem ser usados individualmente ou em conjunto na mesma conex\u00e3o, proporcionando flexibilidade e conveni\u00eancia.<\/li>\n<li><strong>Compatibilidade Universal:<\/strong> Compat\u00edvel com todos os dispositivos que possuem \u00e1udio Bluetooth, incluindo smartphones Android e iOS.<\/li>\n<li><strong>\u00c1udio Est\u00e9reo de Qualidade:<\/strong> Desfrute de som n\u00edtido e imersivo, enquanto o microfone embutido com redu\u00e7\u00e3o de ru\u00eddo garante chamadas claras e sem interfer\u00eancias.<\/li>\n<li><strong>Controle por Toques:<\/strong> Controle sua playlist e gerencie chamadas com apenas alguns toques nos fones de ouvido, oferecendo praticidade e facilidade de uso.<\/li>\n<li><strong>Design Confort\u00e1vel:<\/strong> Al\u00e9m do excelente desempenho, o design ergon\u00f4mico garante conforto durante o uso prolongado.<\/li>\n<\/ul>\n<p><strong>Especifica\u00e7\u00f5es T\u00e9cnicas:<\/strong><\/p>\n<ul>\n<li><strong>Marca:<\/strong> Inova<\/li>\n<li><strong>Modelo:<\/strong> FON-20381<\/li>\n<li><strong>Vers\u00e3o Bluetooth:<\/strong> 5.3<\/li>\n<li><strong>Alcance:<\/strong> At\u00e9 15 metros<\/li>\n<li><strong>Tempo de Uso:<\/strong> At\u00e9 4 horas<\/li>\n<li><strong>Capacidade de Bateria dos Fones:<\/strong> 30mAh<\/li>\n<li><strong>Capacidade de Bateria do Estojo:<\/strong> 200mAh<\/li>\n<li><strong>Tamanho da Case:<\/strong> 4 x 4 x 3 cm<\/li>\n<\/ul>\n<p>Com sua versatilidade, desempenho e portabilidade, o Mini Fone de Ouvido Sem Fio Bluetooth 5.3 da Inova \u00e9 a escolha ideal para quem busca uma experi\u00eancia de \u00e1udio sem fio de alta qualidade.<\/p>\n<\/div>\n<\/div>\n<\/div>\n<div class=\"pr-2 lg:pr-0\"><\/div>\n<\/div>\n<div class=\"absolute\">\n<div class=\"flex w-full gap-2 items-center justify-center\"><\/div>\n<\/div>\n<\/div>\n<\/div>\n<\/div>\n<\/div>\n<\/div>\n<\/div>\n<\/div>\n<\/div>\n<div class=\"w-full md:pt-0 dark:border-white\/20 md:border-transparent md:dark:border-transparent md:w-[calc(100%-.5rem)] juice:w-full\">\n<div class=\"px-3 text-base md:px-4 m-auto md:px-5 lg:px-1 xl:px-5\">\n<div class=\"mx-auto flex flex-1 gap-3 text-base juice:gap-4 juice:md:gap-6 md:max-w-3xl lg:max-w-[40rem] xl:max-w-[48rem]\">\n<div class=\"relative flex h-full max-w-full flex-1 flex-col\">\n<div class=\"absolute bottom-full left-0 right-0\"><\/div>\n<div class=\"flex w-full items-center\"><\/div>\n<\/div>\n<\/div>\n<\/div>\n<\/div>\n","protected":false},"excerpt":{"rendered":"<p>Fone Sem Fio Tws Inova Fon-20381<\/p>\n","protected":false},"featured_media":3757,"comment_status":"open","ping_status":"closed","template":"","meta":[],"product_cat":[246],"product_tag":[],"class_list":{"0":"post-3753","1":"product","2":"type-product","3":"status-publish","4":"has-post-thumbnail","6":"product_cat-fone-de-ouvido-bluetooth","8":"first","9":"outofstock","10":"shipping-taxable","11":"purchasable","12":"product-type-simple"},"_links":{"self":[{"href":"https:\/\/www.tagstecnologia.com.br\/index.php\/wp-json\/wp\/v2\/product\/3753"}],"collection":[{"href":"https:\/\/www.tagstecnologia.com.br\/index.php\/wp-json\/wp\/v2\/product"}],"about":[{"href":"https:\/\/www.tagstecnologia.com.br\/index.php\/wp-json\/wp\/v2\/types\/product"}],"replies":[{"embeddable":true,"href":"https:\/\/www.tagstecnologia.com.br\/index.php\/wp-json\/wp\/v2\/comments?post=3753"}],"wp:featuredmedia":[{"embeddable":true,"href":"https:\/\/www.tagstecnologia.com.br\/index.php\/wp-json\/wp\/v2\/media\/3757"}],"wp:attachment":[{"href":"https:\/\/www.tagstecnologia.com.br\/index.php\/wp-json\/wp\/v2\/media?parent=3753"}],"wp:term":[{"taxonomy":"product_cat","embeddable":true,"href":"https:\/\/www.tagstecnologia.com.br\/index.php\/wp-json\/wp\/v2\/product_cat?post=3753"},{"taxonomy":"product_tag","embeddable":true,"href":"https:\/\/www.tagstecnologia.com.br\/index.php\/wp-json\/wp\/v2\/product_tag?post=3753"}],"curies":[{"name":"wp","href":"https:\/\/api.w.org\/{rel}","templated":true}]}}