{"id":3755,"date":"2024-05-14T08:53:51","date_gmt":"2024-05-14T11:53:51","guid":{"rendered":"https:\/\/www.tagstecnologia.com.br\/index.php\/produto\/fonte-750w-atx-brx-auto-cooler-verme\/"},"modified":"2024-12-17T13:07:30","modified_gmt":"2024-12-17T16:07:30","slug":"fonte-750w-atx-brx-auto-cooler-verme","status":"publish","type":"product","link":"https:\/\/www.tagstecnologia.com.br\/index.php\/produto\/fonte-750w-atx-brx-auto-cooler-verme\/","title":{"rendered":"Fonte 750w Atx Brx Auto Cooler Vermelho"},"content":{"rendered":"<p>Apresentamos a Fonte de Alimenta\u00e7\u00e3o ATX da BRX, uma escolha confi\u00e1vel para garantir uma corrente cont\u00ednua e est\u00e1vel para o seu computador desktop, proporcionando um funcionamento otimizado de todos os seus componentes.<\/p>\n<p>A fonte ATX BRX oferece uma alimenta\u00e7\u00e3o s\u00f3lida em recursos e desempenho, mantendo-se simples de usar. Basta conectar os cabos necess\u00e1rios aos componentes e come\u00e7ar a trabalhar. Para uma experi\u00eancia de computa\u00e7\u00e3o de alto desempenho, voc\u00ea n\u00e3o pode errar com a Fonte ATX BRX 750W.<\/p>\n<p><strong>Especifica\u00e7\u00f5es:<\/strong><\/p>\n<ul>\n<li><strong>Marca:<\/strong> BRX<\/li>\n<li><strong>Modelo:<\/strong> B-S750W<\/li>\n<li><strong>Bivolt Autom\u00e1tico<\/strong><\/li>\n<li><strong>PFC Ativo:<\/strong> Reduz as perdas de energia, aumentando a efici\u00eancia e minimizando a gera\u00e7\u00e3o de calor e a necessidade de refrigera\u00e7\u00e3o.<\/li>\n<li><strong>Frequ\u00eancia:<\/strong> 50~60Hz<\/li>\n<li><strong>Comprimento dos Cabos:<\/strong> 12cm<\/li>\n<li><strong>MTBF:<\/strong> 100.000 horas a 25\u00b0C<\/li>\n<li><strong>Baixo Ru\u00eddo Ac\u00fastico<\/strong><\/li>\n<li><strong>Conectores com Capa de Prote\u00e7\u00e3o<\/strong><\/li>\n<li><strong>Refrigera\u00e7\u00e3o:<\/strong> Ventoinha de 12cm<\/li>\n<li><strong>Prote\u00e7\u00e3o contra Curto-Circuito<\/strong><\/li>\n<li><strong>Sistema T\u00e9rmico de Refrigera\u00e7\u00e3o<\/strong><\/li>\n<li><strong>Conectores:<\/strong> 4x SATA, 1x ATX 20+4, 2x Molex, 1x PCI+6, 1x Conector 4 pinos ATX 12V<\/li>\n<\/ul>\n<p><strong>Conte\u00fado da Embalagem:<\/strong><\/p>\n<ul>\n<li>1x Fonte de Alimenta\u00e7\u00e3o<\/li>\n<\/ul>\n<p><em>Aviso Legal:<\/em> Esta fonte possui certifica\u00e7\u00e3o de efici\u00eancia 75+, proporcionando uma fonte de alimenta\u00e7\u00e3o confi\u00e1vel e eficiente para o seu computador desktop. Por\u00e9m, observe que esta fonte n\u00e3o possui o selo 80 PLUS e n\u00e3o garante que alcan\u00e7ar\u00e1 a pot\u00eancia e durabilidade prometidas, sendo recomendada para placas de v\u00eddeo de menor exig\u00eancia. Para placas de v\u00eddeo mais potentes, recomendamos fontes com selo 80 PLUS.<\/p>\n","protected":false},"excerpt":{"rendered":"<p>Fonte 750w Atx Brx Auto Cooler Verme<\/p>\n","protected":false},"featured_media":3766,"comment_status":"open","ping_status":"closed","template":"","meta":[],"product_cat":[289],"product_tag":[],"class_list":{"0":"post-3755","1":"product","2":"type-product","3":"status-publish","4":"has-post-thumbnail","6":"product_cat-fonte-br","8":"first","9":"outofstock","10":"shipping-taxable","11":"purchasable","12":"product-type-simple"},"_links":{"self":[{"href":"https:\/\/www.tagstecnologia.com.br\/index.php\/wp-json\/wp\/v2\/product\/3755"}],"collection":[{"href":"https:\/\/www.tagstecnologia.com.br\/index.php\/wp-json\/wp\/v2\/product"}],"about":[{"href":"https:\/\/www.tagstecnologia.com.br\/index.php\/wp-json\/wp\/v2\/types\/product"}],"replies":[{"embeddable":true,"href":"https:\/\/www.tagstecnologia.com.br\/index.php\/wp-json\/wp\/v2\/comments?post=3755"}],"wp:featuredmedia":[{"embeddable":true,"href":"https:\/\/www.tagstecnologia.com.br\/index.php\/wp-json\/wp\/v2\/media\/3766"}],"wp:attachment":[{"href":"https:\/\/www.tagstecnologia.com.br\/index.php\/wp-json\/wp\/v2\/media?parent=3755"}],"wp:term":[{"taxonomy":"product_cat","embeddable":true,"href":"https:\/\/www.tagstecnologia.com.br\/index.php\/wp-json\/wp\/v2\/product_cat?post=3755"},{"taxonomy":"product_tag","embeddable":true,"href":"https:\/\/www.tagstecnologia.com.br\/index.php\/wp-json\/wp\/v2\/product_tag?post=3755"}],"curies":[{"name":"wp","href":"https:\/\/api.w.org\/{rel}","templated":true}]}}