{"id":44,"date":"2024-01-02T17:07:14","date_gmt":"2024-01-02T20:07:14","guid":{"rendered":"http:\/\/tagstecnologia.com.br\/index.php\/produto\/pen-drive-inova-16gb-up-8568\/"},"modified":"2025-12-21T13:13:42","modified_gmt":"2025-12-21T16:13:42","slug":"pen-drive-inova-16gb-up-8568","status":"publish","type":"product","link":"https:\/\/www.tagstecnologia.com.br\/index.php\/produto\/pen-drive-inova-16gb-up-8568\/","title":{"rendered":"Pen Drive Inova 16gb Up-8568"},"content":{"rendered":"<p>Pen Drive Inova 16gb Up-8568<\/p>\n<p>Com capacidade generosa de 16GB, o pen drive twist da multilaser f\u00e1cilita a sua vida. Fa\u00e7a backup, transfira dados, compartilhe suas fotos, filmes, m\u00fasicas, dados pessoais, com USB 2.0 aonde quer que voc\u00ea v\u00e1.imagens meramente ilustrativas.<\/p>\n","protected":false},"excerpt":{"rendered":"<p>Pen Drive Inova 16gb Up-8568<\/p>\n","protected":false},"featured_media":3656,"comment_status":"open","ping_status":"closed","template":"","meta":[],"product_cat":[438],"product_tag":[],"class_list":{"0":"post-44","1":"product","2":"type-product","3":"status-publish","4":"has-post-thumbnail","6":"product_cat-pen-drive-multilaser","8":"first","9":"outofstock","10":"shipping-taxable","11":"purchasable","12":"product-type-simple"},"_links":{"self":[{"href":"https:\/\/www.tagstecnologia.com.br\/index.php\/wp-json\/wp\/v2\/product\/44"}],"collection":[{"href":"https:\/\/www.tagstecnologia.com.br\/index.php\/wp-json\/wp\/v2\/product"}],"about":[{"href":"https:\/\/www.tagstecnologia.com.br\/index.php\/wp-json\/wp\/v2\/types\/product"}],"replies":[{"embeddable":true,"href":"https:\/\/www.tagstecnologia.com.br\/index.php\/wp-json\/wp\/v2\/comments?post=44"}],"wp:featuredmedia":[{"embeddable":true,"href":"https:\/\/www.tagstecnologia.com.br\/index.php\/wp-json\/wp\/v2\/media\/3656"}],"wp:attachment":[{"href":"https:\/\/www.tagstecnologia.com.br\/index.php\/wp-json\/wp\/v2\/media?parent=44"}],"wp:term":[{"taxonomy":"product_cat","embeddable":true,"href":"https:\/\/www.tagstecnologia.com.br\/index.php\/wp-json\/wp\/v2\/product_cat?post=44"},{"taxonomy":"product_tag","embeddable":true,"href":"https:\/\/www.tagstecnologia.com.br\/index.php\/wp-json\/wp\/v2\/product_tag?post=44"}],"curies":[{"name":"wp","href":"https:\/\/api.w.org\/{rel}","templated":true}]}}