{"id":61,"date":"2024-01-10T11:01:57","date_gmt":"2024-01-10T14:01:57","guid":{"rendered":"http:\/\/tagstecnologia.com.br\/index.php\/produto\/fone-bright-bt-kids-blue-khp001\/"},"modified":"2026-01-13T13:17:32","modified_gmt":"2026-01-13T16:17:32","slug":"fone-bright-bt-kids-blue-khp001","status":"publish","type":"product","link":"https:\/\/www.tagstecnologia.com.br\/index.php\/produto\/fone-bright-bt-kids-blue-khp001\/","title":{"rendered":"Fone Bright Bt Kids Blue Khp001"},"content":{"rendered":"<p>O Headset Super Blue da marca Bright \u00e9 perfeito para os gamers de todas as idades. Com um design detalhado e na cor azul, este headset oferece uma experi\u00eancia imersiva e confort\u00e1vel durante as sess\u00f5es de jogo. Al\u00e9m disso, ele \u00e9 sem fio, permitindo total liberdade de movimento. O modelo \u00e9 monaural, ideal para quem prefere focar em um \u00fanico som, e possui conex\u00e3o Bluetooth, facilitando a conex\u00e3o com outros dispositivos. O Headset Super Blue \u00e9 novo e vem em uma embalagem com uma unidade. N\u00e3o perca a oportunidade de adquirir este incr\u00edvel headset e elevar sua experi\u00eancia de jogo para o pr\u00f3ximo n\u00edvel.<\/p>\n","protected":false},"excerpt":{"rendered":"<p>Fone Bright Bt Kids Blue Khp001<\/p>\n","protected":false},"featured_media":3697,"comment_status":"open","ping_status":"closed","template":"","meta":[],"product_cat":[242],"product_tag":[],"class_list":{"0":"post-61","1":"product","2":"type-product","3":"status-publish","4":"has-post-thumbnail","6":"product_cat-fone-bright","8":"first","9":"outofstock","10":"shipping-taxable","11":"purchasable","12":"product-type-simple"},"_links":{"self":[{"href":"https:\/\/www.tagstecnologia.com.br\/index.php\/wp-json\/wp\/v2\/product\/61"}],"collection":[{"href":"https:\/\/www.tagstecnologia.com.br\/index.php\/wp-json\/wp\/v2\/product"}],"about":[{"href":"https:\/\/www.tagstecnologia.com.br\/index.php\/wp-json\/wp\/v2\/types\/product"}],"replies":[{"embeddable":true,"href":"https:\/\/www.tagstecnologia.com.br\/index.php\/wp-json\/wp\/v2\/comments?post=61"}],"wp:featuredmedia":[{"embeddable":true,"href":"https:\/\/www.tagstecnologia.com.br\/index.php\/wp-json\/wp\/v2\/media\/3697"}],"wp:attachment":[{"href":"https:\/\/www.tagstecnologia.com.br\/index.php\/wp-json\/wp\/v2\/media?parent=61"}],"wp:term":[{"taxonomy":"product_cat","embeddable":true,"href":"https:\/\/www.tagstecnologia.com.br\/index.php\/wp-json\/wp\/v2\/product_cat?post=61"},{"taxonomy":"product_tag","embeddable":true,"href":"https:\/\/www.tagstecnologia.com.br\/index.php\/wp-json\/wp\/v2\/product_tag?post=61"}],"curies":[{"name":"wp","href":"https:\/\/api.w.org\/{rel}","templated":true}]}}