{"id":68,"date":"2024-01-15T10:31:24","date_gmt":"2024-01-15T13:31:24","guid":{"rendered":"http:\/\/tagstecnologia.com.br\/index.php\/produto\/mouse-usb-inova-mou-20054\/"},"modified":"2025-12-21T08:33:45","modified_gmt":"2025-12-21T11:33:45","slug":"mouse-usb-inova-mou-20054","status":"publish","type":"product","link":"https:\/\/www.tagstecnologia.com.br\/index.php\/produto\/mouse-usb-inova-mou-20054\/","title":{"rendered":"Mouse Usb Inova Mou-20054"},"content":{"rendered":"<p>Para trabalhar desde casa com o computador ou aproveitar momentos de lazer, voc\u00ea precisa de conforto e facilidade de movimento. Com o seu Inova MOU-20054 encontre o que voc\u00ea est\u00e1 procurando em um \u00fanico dispositivo com a melhor tecnologia.<\/p>\n<p>Adaptado aos seus movimentos<br \/>\nSeu design eficaz o torna num mouse confort\u00e1vel, com uma grande experi\u00eancia de uso para aqueles que est\u00e3o procurando seguran\u00e7a em cada clique.<\/p>\n<p>A funcionalidade ao alcance da sua m\u00e3o<br \/>\nO sistema de detec\u00e7\u00e3o de movimento \u00f3ptico lhe permitir\u00e1 mover o cursor de uma forma mais precisa e sens\u00edvel do que os sistemas tradicionais.<\/p>\n<p>Plug And Play<br \/>\nBasta colocar o receptor em uma porta USB do computador e voc\u00ea pode come\u00e7ar a us\u00e1-lo. N\u00e3o \u00e9 preciso emparelhar o mouse ou baixar um software para us\u00e1-lo.<\/p>\n<p>Adequado para f\u00e1cil transporte<br \/>\nNavegue rapidamente pelos documentos e sites da web gra\u00e7as ao seu design ultra-fino, ergon\u00f4mico, leve e conveniente para transportar onde voc\u00ea quiser ou viajar.<\/p>\n","protected":false},"excerpt":{"rendered":"<p>Mouse Usb Inova Mou-20054<\/p>\n","protected":false},"featured_media":3696,"comment_status":"open","ping_status":"closed","template":"","meta":[],"product_cat":[412],"product_tag":[],"class_list":{"0":"post-68","1":"product","2":"type-product","3":"status-publish","4":"has-post-thumbnail","6":"product_cat-mouse-usb","8":"first","9":"outofstock","10":"shipping-taxable","11":"purchasable","12":"product-type-simple"},"_links":{"self":[{"href":"https:\/\/www.tagstecnologia.com.br\/index.php\/wp-json\/wp\/v2\/product\/68"}],"collection":[{"href":"https:\/\/www.tagstecnologia.com.br\/index.php\/wp-json\/wp\/v2\/product"}],"about":[{"href":"https:\/\/www.tagstecnologia.com.br\/index.php\/wp-json\/wp\/v2\/types\/product"}],"replies":[{"embeddable":true,"href":"https:\/\/www.tagstecnologia.com.br\/index.php\/wp-json\/wp\/v2\/comments?post=68"}],"wp:featuredmedia":[{"embeddable":true,"href":"https:\/\/www.tagstecnologia.com.br\/index.php\/wp-json\/wp\/v2\/media\/3696"}],"wp:attachment":[{"href":"https:\/\/www.tagstecnologia.com.br\/index.php\/wp-json\/wp\/v2\/media?parent=68"}],"wp:term":[{"taxonomy":"product_cat","embeddable":true,"href":"https:\/\/www.tagstecnologia.com.br\/index.php\/wp-json\/wp\/v2\/product_cat?post=68"},{"taxonomy":"product_tag","embeddable":true,"href":"https:\/\/www.tagstecnologia.com.br\/index.php\/wp-json\/wp\/v2\/product_tag?post=68"}],"curies":[{"name":"wp","href":"https:\/\/api.w.org\/{rel}","templated":true}]}}