{"id":69,"date":"2024-01-15T11:55:01","date_gmt":"2024-01-15T14:55:01","guid":{"rendered":"http:\/\/tagstecnologia.com.br\/index.php\/produto\/fone-sem-fio-inova-tws-fon-20324\/"},"modified":"2025-12-20T03:33:32","modified_gmt":"2025-12-20T06:33:32","slug":"fone-sem-fio-inova-tws-fon-20324","status":"publish","type":"product","link":"https:\/\/www.tagstecnologia.com.br\/index.php\/produto\/fone-sem-fio-inova-tws-fon-20324\/","title":{"rendered":"Fone Sem Fio Inova Tws Fon-20324"},"content":{"rendered":"<p>Fone De Ouvido Sem Fio Bluetooth TWS Inova FON-20324<\/p>\n<p>Som de alta qualidade e fone muito confort\u00e1vel de usar.<br \/>\nEstojo de carregamento com painel de LED.<br \/>\nFun\u00e7\u00f5es: Ouvir m\u00fasicas, ajuste de volume, atender chamadas, TWS.<\/p>\n<p>&#8211; Conex\u00e3o: Bluetooth 5.2<br \/>\n&#8211; Alcance: at\u00e9 10 metros<br \/>\n&#8211; Bateria da caixa: 280mAh<br \/>\n&#8211; Bateria dos fones: 30mAh<br \/>\n&#8211; Tempo de uso: 4 a 5 horas<br \/>\n&#8211; Tempo de carregamento: 1 a 2 horas<br \/>\n&#8211; Microfone embutido<\/p>\n","protected":false},"excerpt":{"rendered":"<p>Fone Sem Fio Inova Tws Fon-20324<\/p>\n","protected":false},"featured_media":3686,"comment_status":"open","ping_status":"closed","template":"","meta":[],"product_cat":[246],"product_tag":[],"class_list":{"0":"post-69","1":"product","2":"type-product","3":"status-publish","4":"has-post-thumbnail","6":"product_cat-fone-de-ouvido-bluetooth","8":"first","9":"outofstock","10":"shipping-taxable","11":"purchasable","12":"product-type-simple"},"_links":{"self":[{"href":"https:\/\/www.tagstecnologia.com.br\/index.php\/wp-json\/wp\/v2\/product\/69"}],"collection":[{"href":"https:\/\/www.tagstecnologia.com.br\/index.php\/wp-json\/wp\/v2\/product"}],"about":[{"href":"https:\/\/www.tagstecnologia.com.br\/index.php\/wp-json\/wp\/v2\/types\/product"}],"replies":[{"embeddable":true,"href":"https:\/\/www.tagstecnologia.com.br\/index.php\/wp-json\/wp\/v2\/comments?post=69"}],"wp:featuredmedia":[{"embeddable":true,"href":"https:\/\/www.tagstecnologia.com.br\/index.php\/wp-json\/wp\/v2\/media\/3686"}],"wp:attachment":[{"href":"https:\/\/www.tagstecnologia.com.br\/index.php\/wp-json\/wp\/v2\/media?parent=69"}],"wp:term":[{"taxonomy":"product_cat","embeddable":true,"href":"https:\/\/www.tagstecnologia.com.br\/index.php\/wp-json\/wp\/v2\/product_cat?post=69"},{"taxonomy":"product_tag","embeddable":true,"href":"https:\/\/www.tagstecnologia.com.br\/index.php\/wp-json\/wp\/v2\/product_tag?post=69"}],"curies":[{"name":"wp","href":"https:\/\/api.w.org\/{rel}","templated":true}]}}