{"id":71,"date":"2024-01-15T14:00:45","date_gmt":"2024-01-15T17:00:45","guid":{"rendered":"http:\/\/tagstecnologia.com.br\/index.php\/produto\/teclado-sem-fio-inova-kv-8786\/"},"modified":"2025-05-02T19:41:32","modified_gmt":"2025-05-02T22:41:32","slug":"teclado-sem-fio-inova-kv-8786","status":"publish","type":"product","link":"https:\/\/www.tagstecnologia.com.br\/index.php\/produto\/teclado-sem-fio-inova-kv-8786\/","title":{"rendered":"Teclado Sem Fio Inova Kv-8786"},"content":{"rendered":"<div class=\"ui-pdp-container__col col-3 ui-pdp-container--column-center pb-40\">\n<div class=\"ui-pdp--sticky-wrapper ui-pdp--sticky-wrapper-center\">\n<div class=\"ui-pdp-container__row\">\n<div class=\"ui-pdp-container__col col-1\">\n<div class=\"ui-pdp-collapsable ui-pdp-description-collapse\">\n<div class=\"ui-pdp-collapsable__container\">\n<div class=\"ui-pdp-description pl-45 pr-45 ui-pdp-collapsable--is-collapsed\">\n<p class=\"ui-pdp-description__content\">Este teclado Inova \u00e9 o melhor complemento para fazer todos os tipos de atividades. \u00c9 confort\u00e1vel e pr\u00e1tico ao escrever documentos, navegar e pesquisar na Internet, seja no seu trabalho ou no conforto de casa.<\/p>\n<\/div>\n<\/div>\n<\/div>\n<\/div>\n<\/div>\n<div class=\"ui-pdp-container__row\">\n<div class=\"ui-pdp-container__col col-1\"><\/div>\n<\/div>\n<div class=\"ui-pdp-container__row ui-pdp-recommendations-row\">\n<div class=\"ui-pdp-container__col col-1\">\n<div class=\"ui-pdp-spot-middle\"><\/div>\n<\/div>\n<\/div>\n<\/div>\n<\/div>\n<div class=\"ui-pdp-container__col col-1 ui-pdp-container--column-right mt-16 pr-16\">\n<div class=\"ui-pdp--sticky-wrapper ui-pdp--sticky-wrapper-right\">\n<div class=\"ui-pdp-container__row\">\n<div class=\"ui-pdp-media ui-pdp-shipping ui-pdp-shipping--md mb-12 ui-pdp-color--BLACK\">\n<div class=\"ui-pdp-media__body\"><\/div>\n<\/div>\n<\/div>\n<\/div>\n<\/div>\n","protected":false},"excerpt":{"rendered":"<p>Teclado Sem Fio Inova Kv-8786<\/p>\n","protected":false},"featured_media":3659,"comment_status":"open","ping_status":"closed","template":"","meta":[],"product_cat":[547],"product_tag":[],"class_list":{"0":"post-71","1":"product","2":"type-product","3":"status-publish","4":"has-post-thumbnail","6":"product_cat-teclado-sem-fio","8":"first","9":"outofstock","10":"shipping-taxable","11":"purchasable","12":"product-type-simple"},"_links":{"self":[{"href":"https:\/\/www.tagstecnologia.com.br\/index.php\/wp-json\/wp\/v2\/product\/71"}],"collection":[{"href":"https:\/\/www.tagstecnologia.com.br\/index.php\/wp-json\/wp\/v2\/product"}],"about":[{"href":"https:\/\/www.tagstecnologia.com.br\/index.php\/wp-json\/wp\/v2\/types\/product"}],"replies":[{"embeddable":true,"href":"https:\/\/www.tagstecnologia.com.br\/index.php\/wp-json\/wp\/v2\/comments?post=71"}],"wp:featuredmedia":[{"embeddable":true,"href":"https:\/\/www.tagstecnologia.com.br\/index.php\/wp-json\/wp\/v2\/media\/3659"}],"wp:attachment":[{"href":"https:\/\/www.tagstecnologia.com.br\/index.php\/wp-json\/wp\/v2\/media?parent=71"}],"wp:term":[{"taxonomy":"product_cat","embeddable":true,"href":"https:\/\/www.tagstecnologia.com.br\/index.php\/wp-json\/wp\/v2\/product_cat?post=71"},{"taxonomy":"product_tag","embeddable":true,"href":"https:\/\/www.tagstecnologia.com.br\/index.php\/wp-json\/wp\/v2\/product_tag?post=71"}],"curies":[{"name":"wp","href":"https:\/\/api.w.org\/{rel}","templated":true}]}}