{"id":89,"date":"2024-01-19T11:03:25","date_gmt":"2024-01-19T14:03:25","guid":{"rendered":"http:\/\/tagstecnologia.com.br\/index.php\/produto\/placa-mae-kronnus-h61-p-n-h61hv2d3\/"},"modified":"2024-05-30T10:28:18","modified_gmt":"2024-05-30T13:28:18","slug":"placa-mae-kronnus-h61-p-n-h61hv2d3","status":"publish","type":"product","link":"https:\/\/www.tagstecnologia.com.br\/index.php\/produto\/placa-mae-kronnus-h61-p-n-h61hv2d3\/","title":{"rendered":"Placa-m\u00e3e Kronnus H61 1155 Intel 2\u00aa 3\u00aa Gera\u00e7\u00e3o Intel"},"content":{"rendered":"<p>PLACA M\u00c3E KRONNUS H61 P\/N H61HV2D3<\/p>\n<p>Placa M\u00e3e Kronnus H61, LGA 1155, mATX, DDR3 &#8211; H61HV2D3<\/p>\n<p>ESPECIFICA\u00c7\u00d5ES T\u00c9CNICAS:<\/p>\n<p>&#8211; Marca: Kronnus<br \/>\n&#8211; Linha: Intel H61 LGA1155 mATX<br \/>\n&#8211; Modelo: H61HV2D3 DDR3<br \/>\n&#8211; Socket: LGA 1155<br \/>\n&#8211; CPU: Processadores de 3\u00ba e 2\u00ba gera\u00e7\u00e3o Intel\u00ae Core i7 \/ Core i5 \/ Core i3 \/ Pentium\u00ae \/ Celeron\u00ae com Tecnologia Intel\u00ae Turbo Boost<br \/>\n&#8211; Chipset: Intel\u00ae H61 Express Chipset<br \/>\n&#8211; Mem\u00f3ria: 2x DDR3 1066\/1333\/1600 MHz SDRAM (Dual Channel at\u00e9 16GB)<br \/>\n&#8211; Slots: 1x PCI Express 2.0 x16 \/ 1x PCI Express 2.0 x1<br \/>\n&#8211; Armazenamento: 4x SATA 3Gb\/s<br \/>\n&#8211; Portas: 1x HDMI \/ 1x VGA (D-Sub) \/ 6x USB 2.0 \/ 1 x RJ-45 LAN 10\/100 Mbps \/ 3x Audio<br \/>\n&#8211; Formato: Micro-ATX 19 x 17 cm<br \/>\n&#8211; Aplica\u00e7\u00f5es: PC, Desktop, Computador de mesa, Esta\u00e7\u00e3o de trabalho<\/p>\n<p>CONTE\u00daDO DA CAIXA:<\/p>\n<p>Placa-m\u00e3e<br \/>\nCabo de dados SATA<br \/>\nEspelho para painel traseiro do gabinete<br \/>\nManual do usu\u00e1rio<\/p>\n","protected":false},"excerpt":{"rendered":"<p>Placa Mae Kronnus H61 P\/n H61hv2d3<\/p>\n","protected":false},"featured_media":3692,"comment_status":"open","ping_status":"closed","template":"","meta":[],"product_cat":[458],"product_tag":[],"class_list":{"0":"post-89","1":"product","2":"type-product","3":"status-publish","4":"has-post-thumbnail","6":"product_cat-placa-mae-intel","8":"first","9":"outofstock","10":"featured","11":"shipping-taxable","12":"purchasable","13":"product-type-simple"},"_links":{"self":[{"href":"https:\/\/www.tagstecnologia.com.br\/index.php\/wp-json\/wp\/v2\/product\/89"}],"collection":[{"href":"https:\/\/www.tagstecnologia.com.br\/index.php\/wp-json\/wp\/v2\/product"}],"about":[{"href":"https:\/\/www.tagstecnologia.com.br\/index.php\/wp-json\/wp\/v2\/types\/product"}],"replies":[{"embeddable":true,"href":"https:\/\/www.tagstecnologia.com.br\/index.php\/wp-json\/wp\/v2\/comments?post=89"}],"wp:featuredmedia":[{"embeddable":true,"href":"https:\/\/www.tagstecnologia.com.br\/index.php\/wp-json\/wp\/v2\/media\/3692"}],"wp:attachment":[{"href":"https:\/\/www.tagstecnologia.com.br\/index.php\/wp-json\/wp\/v2\/media?parent=89"}],"wp:term":[{"taxonomy":"product_cat","embeddable":true,"href":"https:\/\/www.tagstecnologia.com.br\/index.php\/wp-json\/wp\/v2\/product_cat?post=89"},{"taxonomy":"product_tag","embeddable":true,"href":"https:\/\/www.tagstecnologia.com.br\/index.php\/wp-json\/wp\/v2\/product_tag?post=89"}],"curies":[{"name":"wp","href":"https:\/\/api.w.org\/{rel}","templated":true}]}}